{"id":10548,"date":"2020-04-29T23:24:31","date_gmt":"2020-04-29T23:24:31","guid":{"rendered":"https:\/\/cross-silo.com\/principios\/"},"modified":"2024-03-16T17:02:31","modified_gmt":"2024-03-16T17:02:31","slug":"principios","status":"publish","type":"page","link":"https:\/\/cross-silo.com\/es\/principios\/","title":{"rendered":"Principios"},"content":{"rendered":"\t\t<div data-elementor-type=\"wp-post\" data-elementor-id=\"10548\" class=\"elementor elementor-10548 elementor-3552\" data-elementor-post-type=\"page\">\n\t\t\t\t<div class=\"elementor-element elementor-element-2541747 e-flex e-con-boxed e-con e-parent\" data-id=\"2541747\" data-element_type=\"container\" data-e-type=\"container\">\n\t\t\t\t\t<div class=\"e-con-inner\">\n\t\t\t\t<div class=\"elementor-element elementor-element-981f5c3 elementor-widget elementor-widget-text-editor\" data-id=\"981f5c3\" data-element_type=\"widget\" data-e-type=\"widget\" data-widget_type=\"text-editor.default\">\n\t\t\t\t<div class=\"elementor-widget-container\">\n\t\t\t\t\t\t\t\t\t<p>En una \u00e9poca en la que la b\u00fasqueda incesante del crecimiento anual reina entre los ejecutivos, surge una pregunta cr\u00edtica: \u00bfA qu\u00e9 coste se produce este crecimiento, especialmente cuando se cobra un peaje tanto a la naturaleza como a las partes interesadas? La sostenibilidad de tales modelos de crecimiento est\u00e1 bajo escrutinio, empuj\u00e1ndonos a reconsiderar lo que realmente significa un negocio pr\u00f3spero.<\/p>\n<p>La verdadera salud en los negocios va mucho m\u00e1s all\u00e1 de las meras m\u00e9tricas de crecimiento. Abarca una visi\u00f3n hol\u00edstica que incluye indicadores clave de rendimiento como la tasa de retenci\u00f3n de clientes, la frecuencia de repetici\u00f3n de negocios, los niveles de satisfacci\u00f3n del cliente y el compromiso de clientes y empleados, junto con las tasas de rotaci\u00f3n del personal. En conjunto, estos factores ofrecen una imagen m\u00e1s clara de la durabilidad y sostenibilidad del crecimiento.<\/p>\n<p>Imagine un marco, un lienzo donde se despliega la intrincada danza entre varios elementos corporativos:<\/p>\n<ul>\n<li><strong>Cultura de empresa<\/strong>: El tapiz de creencias y comportamientos que definen una organizaci\u00f3n.<\/li>\n<li><strong>Responsabilidad social de las empresas<\/strong>(RSE): Un compromiso con la responsabilidad social que va m\u00e1s all\u00e1 de la sala de juntas.<\/li>\n<li><strong>Imagen corporativa<\/strong>: La esencia de la reputaci\u00f3n de una empresa tal y como la percibe el mundo exterior.<\/li>\n<li><strong>Gobierno corporativo<\/strong>: Las estructuras y procesos de direcci\u00f3n y control que gu\u00edan a la empresa.<\/li>\n<\/ul>\n<p>Este marco est\u00e1 anclado en la interacci\u00f3n din\u00e1mica de:<\/p>\n<ul>\n<li><strong>Cooperaci\u00f3n<\/strong>: Armonizaci\u00f3n de los esfuerzos organizativos para una direcci\u00f3n unificada.<\/li>\n<li>La <strong>creaci\u00f3n<\/strong>: El valor \u00fanico generado distingue a una empresa de sus rivales.<\/li>\n<li>La <strong>competencia<\/strong>: Navegar por el mercado para asegurarse una ventaja competitiva.<\/li>\n<li><strong>Conexi\u00f3n<\/strong>: Fomentar relaciones profundas y significativas con los clientes.<\/li>\n<\/ul>\n<p>Para que una empresa sobreviva y prospere, debe crear un valor que la distinga de la competencia y honre los intereses de todas las partes interesadas, incluida la responsabilidad hacia la sociedad. La percepci\u00f3n p\u00fablica y la reputaci\u00f3n corporativa est\u00e1n inextricablemente ligadas a estas consideraciones \u00e9ticas.<\/p>\n<p>Tomemos, por ejemplo, la situaci\u00f3n de Booking.com durante la Coronacrisis. La decisi\u00f3n de reclamar un importante apoyo gubernamental tras una dr\u00e1stica ca\u00edda de las reservas, que vino precedida de un fastuoso gasto de 8.000 millones de d\u00f3lares en recompra de acciones, suscit\u00f3 un debate sobre la responsabilidad social. Descuidar los compromisos sociales puede acarrear graves repercusiones para la imagen de una empresa, que pueden culminar en el boicot de los consumidores.<\/p>\n<p>Esta narrativa nos obliga a replantearnos el crecimiento, no como un fin, sino como un viaje marcado por consideraciones \u00e9ticas, el compromiso de las partes interesadas y un compromiso con la sostenibilidad. En esta visi\u00f3n, el \u00e9xito no se mide por las alturas alcanzadas sino por la profundidad del impacto logrado, fomentando un ecosistema empresarial que prospere en el equilibrio, la responsabilidad y las conexiones genuinas.<\/p>\n\t\t\t\t\t\t\t\t<\/div>\n\t\t\t\t<\/div>\n\t\t\t\t<div class=\"elementor-element elementor-element-f91def2 elementor-widget elementor-widget-image\" data-id=\"f91def2\" data-element_type=\"widget\" data-e-type=\"widget\" data-widget_type=\"image.default\">\n\t\t\t\t<div class=\"elementor-widget-container\">\n\t\t\t\t\t\t\t\t\t\t\t\t\t\t\t\t<a href=\"https:\/\/cross-silo.com\/wp-content\/uploads\/2020\/05\/cross_silo_business_carousel_copyright_protected_2020.jpg\" data-elementor-open-lightbox=\"yes\" data-elementor-lightbox-title=\"cross_silo_business_carousel_copyright_protected_2020\" data-e-action-hash=\"#elementor-action%3Aaction%3Dlightbox%26settings%3DeyJpZCI6MTAyMDEsInVybCI6Imh0dHBzOlwvXC9jcm9zcy1zaWxvLmNvbVwvd3AtY29udGVudFwvdXBsb2Fkc1wvMjAyMFwvMDVcL2Nyb3NzX3NpbG9fYnVzaW5lc3NfY2Fyb3VzZWxfY29weXJpZ2h0X3Byb3RlY3RlZF8yMDIwLmpwZyJ9\">\n\t\t\t\t\t\t\t<img fetchpriority=\"high\" decoding=\"async\" width=\"1062\" height=\"923\" src=\"https:\/\/cross-silo.com\/wp-content\/uploads\/2020\/05\/cross_silo_business_carousel_copyright_protected_2020.jpg\" class=\"attachment-1536x1536 size-1536x1536 wp-image-10201\" alt=\"\" srcset=\"https:\/\/cross-silo.com\/wp-content\/uploads\/2020\/05\/cross_silo_business_carousel_copyright_protected_2020.jpg 1062w, https:\/\/cross-silo.com\/wp-content\/uploads\/2020\/05\/cross_silo_business_carousel_copyright_protected_2020-300x261.jpg 300w, https:\/\/cross-silo.com\/wp-content\/uploads\/2020\/05\/cross_silo_business_carousel_copyright_protected_2020-1024x890.jpg 1024w, https:\/\/cross-silo.com\/wp-content\/uploads\/2020\/05\/cross_silo_business_carousel_copyright_protected_2020-768x667.jpg 768w\" sizes=\"(max-width: 1062px) 100vw, 1062px\" title=\"\">\t\t\t\t\t\t\t\t<\/a>\n\t\t\t\t\t\t\t\t\t\t\t\t\t\t\t<\/div>\n\t\t\t\t<\/div>\n\t\t\t\t<div class=\"elementor-element elementor-element-b7df04a elementor-widget elementor-widget-heading\" data-id=\"b7df04a\" data-element_type=\"widget\" data-e-type=\"widget\" data-widget_type=\"heading.default\">\n\t\t\t\t<div class=\"elementor-widget-container\">\n\t\t\t\t\t<h2 class=\"elementor-heading-title elementor-size-default\">DIMENSIONES CLAVE DEL CRECIMIENTO<\/h2>\t\t\t\t<\/div>\n\t\t\t\t<\/div>\n\t\t\t\t<div class=\"elementor-element elementor-element-7e23746 elementor-widget elementor-widget-text-editor\" data-id=\"7e23746\" data-element_type=\"widget\" data-e-type=\"widget\" data-widget_type=\"text-editor.default\">\n\t\t\t\t<div class=\"elementor-widget-container\">\n\t\t\t\t\t\t\t\t\t<p>Imag\u00ednese una empresa no como una mera entidad, sino como un vibrante colectivo de personas unidas por la misi\u00f3n conjunta de innovar, crear y ofrecer un valor que resuene con distinci\u00f3n y relevancia. Aqu\u00ed es donde la fuerza de las relaciones con los clientes acelera el pulso de la empresa, un testimonio del viaje compartido de descubrimiento, creaci\u00f3n y entrega.<\/p>\n<p>Dentro de esta esfera din\u00e1mica, dos dimensiones emergen como primordiales para el \u00e9xito y la longevidad de la empresa: la cocreaci\u00f3n y la coopetici\u00f3n:<\/p>\n<ul>\n<li><b>La cocreaci\u00f3n<\/b> representa la s\u00edntesis de ideas, aspiraciones y objetivos, una interacci\u00f3n armoniosa entre una empresa y sus clientes. Es una fusi\u00f3n de capital, capacidades y cultura, orquestada para elaborar ofertas de profundo significado: soluciones que satisfagan las necesidades y eleven las experiencias. La cocreaci\u00f3n es la v\u00eda para desbloquear un compromiso sin parang\u00f3n, fomentando un v\u00ednculo en el que cada interacci\u00f3n con el cliente alimenta un ciclo de generaci\u00f3n continua de valor.<\/li>\n<li><b>La coopetici\u00f3n<\/b>, en cambio, es un ballet de equilibrio entre colaboraci\u00f3n y competencia. En una era en la que reina la econom\u00eda de plataformas y las cadenas de valor digitales se extienden a trav\u00e9s de los horizontes, la coopetici\u00f3n es la adopci\u00f3n estrat\u00e9gica de objetivos compartidos entre competidores. Es un reconocimiento de que el entrelazamiento de los esfuerzos cooperativos con el esp\u00edritu competitivo puede dar lugar a un tapiz de innovaci\u00f3n y \u00e9xito mutuo, crucial para prosperar en los complejos ecosistemas de la empresa moderna.<\/li>\n<\/ul>\n<p>Esta imagen de arriba resume la esencia de una empresa que opera m\u00e1s all\u00e1 de los confines tradicionales, prosperando en un espacio donde la colaboraci\u00f3n despierta la innovaci\u00f3n y la competencia alimenta el crecimiento. Es donde convergen la cultura, la responsabilidad social, la reputaci\u00f3n y la gobernanza de una empresa, alineando la cooperaci\u00f3n, la creaci\u00f3n, la competencia y la conexi\u00f3n, creando no s\u00f3lo un negocio, sino un legado.<\/p>\n\t\t\t\t\t\t\t\t<\/div>\n\t\t\t\t<\/div>\n\t\t\t\t\t<\/div>\n\t\t\t\t<\/div>\n\t\t\t\t<\/div>\n\t\t","protected":false},"excerpt":{"rendered":"<p>En una \u00e9poca en la que la b\u00fasqueda incesante del crecimiento anual reina entre los ejecutivos, surge una pregunta cr\u00edtica: \u00bfA qu\u00e9 coste se produce este crecimiento, especialmente cuando se cobra un peaje tanto a la naturaleza como a las partes interesadas? La sostenibilidad de tales modelos de crecimiento est\u00e1 bajo escrutinio, empuj\u00e1ndonos a reconsiderar [&hellip;]<\/p>\n","protected":false},"author":1,"featured_media":0,"parent":0,"menu_order":0,"comment_status":"closed","ping_status":"closed","template":"","meta":{"content-type":"","footnotes":""},"class_list":["post-10548","page","type-page","status-publish","hentry"],"_links":{"self":[{"href":"https:\/\/cross-silo.com\/es\/wp-json\/wp\/v2\/pages\/10548","targetHints":{"allow":["GET"]}}],"collection":[{"href":"https:\/\/cross-silo.com\/es\/wp-json\/wp\/v2\/pages"}],"about":[{"href":"https:\/\/cross-silo.com\/es\/wp-json\/wp\/v2\/types\/page"}],"author":[{"embeddable":true,"href":"https:\/\/cross-silo.com\/es\/wp-json\/wp\/v2\/users\/1"}],"replies":[{"embeddable":true,"href":"https:\/\/cross-silo.com\/es\/wp-json\/wp\/v2\/comments?post=10548"}],"version-history":[{"count":0,"href":"https:\/\/cross-silo.com\/es\/wp-json\/wp\/v2\/pages\/10548\/revisions"}],"wp:attachment":[{"href":"https:\/\/cross-silo.com\/es\/wp-json\/wp\/v2\/media?parent=10548"}],"curies":[{"name":"wp","href":"https:\/\/api.w.org\/{rel}","templated":true}]}}