{"id":10540,"date":"2020-02-10T13:36:29","date_gmt":"2020-02-10T13:36:29","guid":{"rendered":"https:\/\/cross-silo.com\/vision-y-mision\/"},"modified":"2024-03-19T00:51:25","modified_gmt":"2024-03-19T00:51:25","slug":"vision-y-mision","status":"publish","type":"page","link":"https:\/\/cross-silo.com\/es\/vision-y-mision\/","title":{"rendered":"Visi\u00f3n y misi\u00f3n"},"content":{"rendered":"\t\t<div data-elementor-type=\"wp-page\" data-elementor-id=\"10540\" class=\"elementor elementor-10540 elementor-2795\" data-elementor-post-type=\"page\">\n\t\t\t\t<div class=\"elementor-element elementor-element-b669a4f e-flex e-con-boxed e-con e-parent\" data-id=\"b669a4f\" data-element_type=\"container\" data-e-type=\"container\" data-settings=\"{&quot;background_background&quot;:&quot;classic&quot;}\">\n\t\t\t\t\t<div class=\"e-con-inner\">\n\t\t\t\t<div class=\"elementor-element elementor-element-8c88bdb elementor-widget elementor-widget-heading\" data-id=\"8c88bdb\" data-element_type=\"widget\" data-e-type=\"widget\" data-widget_type=\"heading.default\">\n\t\t\t\t<div class=\"elementor-widget-container\">\n\t\t\t\t\t<h2 class=\"elementor-heading-title elementor-size-default\">Navegar por la nueva frontera de la transformaci\u00f3n empresarial<\/h2>\t\t\t\t<\/div>\n\t\t\t\t<\/div>\n\t\t\t\t<div class=\"elementor-element elementor-element-51ab580 elementor-widget elementor-widget-text-editor\" data-id=\"51ab580\" data-element_type=\"widget\" data-e-type=\"widget\" data-widget_type=\"text-editor.default\">\n\t\t\t\t<div class=\"elementor-widget-container\">\n\t\t\t\t\t\t\t\t\t<p>Los paradigmas empresariales tradicionales est\u00e1n siendo trastocados en una era en la que la \u00fanica constante es el cambio. Las corporaciones heredadas, lastradas por sistemas y estructuras obsoletos, se encuentran en una encrucijada, luchando por adaptarse a un panorama en el que 50 millones de \u00e1giles startups compiten anualmente por el dominio, aprovechando cualquier oportunidad para escalar y perturbar. Este es un mundo en el que la disrupci\u00f3n es inevitable, se\u00f1alando el fin de los negocios como de costumbre. La elecci\u00f3n es tajante: perturbar o ser perturbado.<\/p>\n<p>La <a href=\"https:\/\/en.wikipedia.org\/wiki\/Creative_destruction\" target=\"_blank\" rel=\"noopener nofollow\">Ley de la Destrucci\u00f3n Creativa<\/a> anuncia una nueva era de innovaci\u00f3n y prosperidad. Los avances tecnol\u00f3gicos del \u00faltimo siglo est\u00e1n allanando el camino a alternativas superiores, eficaces y rentables, que prometen un renacimiento econ\u00f3mico. Resistirse a esta marea de progreso no s\u00f3lo es in\u00fatil, sino contraproducente. Mientras asistimos a la obsolescencia de numerosos empleos, tambi\u00e9n estamos al borde de un auge de la creaci\u00f3n: nuevas funciones, hoy inimaginables, est\u00e1n en el horizonte.<\/p>\n<p>Aceptar el cambio no es opcional, es imperativo. Este viaje hacia la adaptaci\u00f3n exige un cambio de mentalidad tanto a nivel organizativo como individual. Exige innovaci\u00f3n social, una cultura que fomente una mentalidad de crecimiento, descentralice la autoridad y abogue por la experimentaci\u00f3n.<\/p>\n<p>Las conclusiones de McKinsey revelan una cruda verdad: el <a href=\"https:\/\/www.forbes.com\/sites\/forbestechcouncil\/2018\/03\/13\/why-digital-transformations-fail-closing-the-900-billion-hole-in-enterprise-strategy\/#6905ae817b8b\" target=\"_blank\" rel=\"noopener nofollow\">70% de los esfuerzos de transformaci\u00f3n fracasan<\/a>, tropezando con el propio tejido de la din\u00e1mica organizativa. La era de considerar a los empleados como artesanos aislados confinados en sus silos ha terminado. El futuro pertenece a quienes ven a su plantilla como un equipo integrado apoyado por plataformas que mejoran la visibilidad y automatizan las tareas individuales y colectivas.<\/p>\n<p>Este momento de la historia no es s\u00f3lo un reto; es una invitaci\u00f3n a reimaginar, innovar y liderar la carga hacia un futuro tan prometedor como inexplorado.<\/p>\n\t\t\t\t\t\t\t\t<\/div>\n\t\t\t\t<\/div>\n\t\t\t\t<div class=\"elementor-element elementor-element-2887bf4 elementor-widget elementor-widget-heading\" data-id=\"2887bf4\" data-element_type=\"widget\" data-e-type=\"widget\" data-widget_type=\"heading.default\">\n\t\t\t\t<div class=\"elementor-widget-container\">\n\t\t\t\t\t<h2 class=\"elementor-heading-title elementor-size-default\">Capacitar a las empresas para el crecimiento sostenible y la innovaci\u00f3n<\/h2>\t\t\t\t<\/div>\n\t\t\t\t<\/div>\n\t\t\t\t<div class=\"elementor-element elementor-element-8b91553 elementor-widget elementor-widget-text-editor\" data-id=\"8b91553\" data-element_type=\"widget\" data-e-type=\"widget\" data-widget_type=\"text-editor.default\">\n\t\t\t\t<div class=\"elementor-widget-container\">\n\t\t\t\t\t\t\t\t\t<p>Tras siete a\u00f1os de rigurosa investigaci\u00f3n sobre las piedras angulares del \u00e9xito comercial, hemos desenterrado una idea innovadora: la existencia de silos funcionales, mentales y de datos se erige como el principal obst\u00e1culo para alcanzar la excelencia comercial. En respuesta, elaboramos el&nbsp;<a href=\"https:\/\/roundmap.com\" target=\"_blank\" rel=\"noopener\">RoundMap\u00ae: un<\/a>marco integrado preparado para desvelar las causas subyacentes de un rendimiento insuficiente. Nuestros hallazgos encuentran eco en la investigaci\u00f3n internacional, que se\u00f1ala las barreras interfuncionales como las principales culpables de estos retos.<\/p>\n<p>Sin embargo, la narraci\u00f3n da un giro m\u00e1s profundo. La llegada de las empresas \u00abdigital-first\u00bb en las dos \u00faltimas d\u00e9cadas ha reescrito las reglas de la rentabilidad, aventur\u00e1ndose en modelos de negocio antes considerados inviables. A trav\u00e9s del poder de la tecnolog\u00eda digital, estos pioneros han hecho a\u00f1icos las limitaciones f\u00edsicas, escalando nuevas alturas a un ritmo sin precedentes, encendiendo la inspiraci\u00f3n en todos los sectores y desestabilizando los modelos de ingresos tradicionales.<\/p>\n<p>Nuestra misi\u00f3n trasciende la mera resoluci\u00f3n de problemas. Nos comprometemos a capacitar a las empresas para que identifiquen y rectifiquen las causas profundas de los malos resultados, salvaguarden sus flujos de ingresos actuales y tracen nuevos caminos hacia un crecimiento sostenido y una prosperidad floreciente.<\/p>\n<p>Nos encontramos en la c\u00faspide de un renacimiento digital. En esta era, la tecnolog\u00eda promete revolucionar el panorama empresarial y social, allanando el camino a productos m\u00e1s sostenibles con huellas medioambientales significativamente reducidas. En cada oportunidad, defendemos la transici\u00f3n hacia modelos de negocio innovadores que aprovechen este inmenso potencial, dirigiendo a nuestros clientes hacia un futuro en el que la rentabilidad se alinee con el bien mayor. \u00c9sta no es s\u00f3lo nuestra misi\u00f3n; nos comprometemos a marcar el comienzo de una era de prosperidad renovada, aprovechando el poder transformador de la tecnolog\u00eda digital para crear un mundo m\u00e1s sostenible e interconectado.<\/p>\t\t\t\t\t\t\t\t<\/div>\n\t\t\t\t<\/div>\n\t\t\t\t\t<\/div>\n\t\t\t\t<\/div>\n\t\t\t\t<\/div>\n\t\t","protected":false},"excerpt":{"rendered":"<p>Navegar por la nueva frontera de la transformaci\u00f3n empresarial Los paradigmas empresariales tradicionales est\u00e1n siendo trastocados en una era en la que la \u00fanica constante es el cambio. Las corporaciones heredadas, lastradas por sistemas y estructuras obsoletos, se encuentran en una encrucijada, luchando por adaptarse a un panorama en el que 50 millones de \u00e1giles [&hellip;]<\/p>\n","protected":false},"author":1,"featured_media":0,"parent":0,"menu_order":0,"comment_status":"closed","ping_status":"closed","template":"","meta":{"content-type":"","footnotes":""},"class_list":["post-10540","page","type-page","status-publish","hentry"],"_links":{"self":[{"href":"https:\/\/cross-silo.com\/es\/wp-json\/wp\/v2\/pages\/10540","targetHints":{"allow":["GET"]}}],"collection":[{"href":"https:\/\/cross-silo.com\/es\/wp-json\/wp\/v2\/pages"}],"about":[{"href":"https:\/\/cross-silo.com\/es\/wp-json\/wp\/v2\/types\/page"}],"author":[{"embeddable":true,"href":"https:\/\/cross-silo.com\/es\/wp-json\/wp\/v2\/users\/1"}],"replies":[{"embeddable":true,"href":"https:\/\/cross-silo.com\/es\/wp-json\/wp\/v2\/comments?post=10540"}],"version-history":[{"count":0,"href":"https:\/\/cross-silo.com\/es\/wp-json\/wp\/v2\/pages\/10540\/revisions"}],"wp:attachment":[{"href":"https:\/\/cross-silo.com\/es\/wp-json\/wp\/v2\/media?parent=10540"}],"curies":[{"name":"wp","href":"https:\/\/api.w.org\/{rel}","templated":true}]}}