{"id":10533,"date":"2019-04-10T09:22:46","date_gmt":"2019-04-10T09:22:46","guid":{"rendered":"https:\/\/cross-silo.com\/nuestros-servicios\/"},"modified":"2024-03-12T23:49:37","modified_gmt":"2024-03-12T23:49:37","slug":"nuestros-servicios","status":"publish","type":"page","link":"https:\/\/cross-silo.com\/es\/nuestros-servicios\/","title":{"rendered":"Nuestros servicios"},"content":{"rendered":"\t\t<div data-elementor-type=\"wp-page\" data-elementor-id=\"10533\" class=\"elementor elementor-10533 elementor-1725\" data-elementor-post-type=\"page\">\n\t\t\t\t<div class=\"elementor-element elementor-element-da9fec4 e-flex e-con-boxed e-con e-parent\" data-id=\"da9fec4\" data-element_type=\"container\" data-e-type=\"container\">\n\t\t\t\t\t<div class=\"e-con-inner\">\n\t\t\t\t<div class=\"elementor-element elementor-element-6acfebe elementor-widget elementor-widget-text-editor\" data-id=\"6acfebe\" data-element_type=\"widget\" data-e-type=\"widget\" data-widget_type=\"text-editor.default\">\n\t\t\t\t<div class=\"elementor-widget-container\">\n\t\t\t\t\t\t\t\t\t<p>Emb\u00e1rquese en un viaje transformador con nosotros, en el que cada reto se afronta con una soluci\u00f3n integrada y hol\u00edstica dise\u00f1ada para impulsar a su organizaci\u00f3n hacia un crecimiento y una resistencia sin precedentes. En el coraz\u00f3n de nuestra consultor\u00eda se encuentra el compromiso con el cambio sist\u00e9mico, no s\u00f3lo para navegar por las complejidades del panorama empresarial moderno, sino para redefinirlo.<\/p>\n<p>Nuestro conjunto de servicios est\u00e1 meticulosamente elaborado para abordar las polifac\u00e9ticas necesidades de su organizaci\u00f3n, garantizando un enfoque a medida para cada reto:<\/p>\n<ul>\n<li>\n<p><strong>Evaluaciones<\/strong>: Profundice en el n\u00facleo de su negocio con nuestras evaluaciones exhaustivas, que incluyen an\u00e1lisis de crecimiento, an\u00e1lisis de carencias, DAFO y evaluaciones culturales. Descubra oportunidades ocultas e ilumine el camino hacia un \u00e9xito sin precedentes.<\/p>\n<\/li>\n<li>\n<p><strong>Consultor\u00eda<\/strong>: Abrace el futuro con nuestros servicios de consultor\u00eda con visi\u00f3n de futuro. Desde la transformaci\u00f3n digital hasta la reimaginaci\u00f3n hol\u00edstica del negocio, le guiamos en cada paso de su evoluci\u00f3n, asegur\u00e1ndonos de que cada faceta de su operaci\u00f3n est\u00e9 alineada con su gran visi\u00f3n.<\/p>\n<\/li>\n<li>\n<p>Dise\u00f1o de <strong>empresas<\/strong>: Innove con agilidad utilizando nuestra experiencia en dise\u00f1o de empresas. Aprovechando el pensamiento de dise\u00f1o y DevOps, le ayudamos a crear prototipos del futuro, transformando ideas visionarias en resultados tangibles que cautivan y obligan.<\/p>\n<\/li>\n<li>\n<p><strong>Equipos<\/strong> de intervenci\u00f3n: Salve su brecha de capacidades con nuestros equipos de intervenci\u00f3n de \u00e9lite. Listos para desplegarse en cualquier momento, proporcionan la experiencia y el apoyo que necesita para superar cualquier reto, garantizando la continuidad y la excelencia.<\/p>\n<\/li>\n<li>\n<p><strong>Coaching<\/strong>: Eleve su liderazgo con nuestros programas de coaching a medida. Adaptado tanto para la direcci\u00f3n como para el personal, nuestro coaching libera el potencial, fomenta el crecimiento y cultiva l\u00edderes equipados para navegar por las complejidades del cambio con confianza y perspicacia.<\/p>\n<\/li>\n<li>\n<p><strong>Formaci\u00f3n<\/strong>: Capacite a su equipo con nuestras completas soluciones de formaci\u00f3n, disponibles en l\u00ednea, en el puesto de trabajo y en formatos dise\u00f1ados tanto para grupos como para individuos. Desarrollar habilidades, mejorar la competencia y fomentar una cultura de aprendizaje y adaptaci\u00f3n continuos.<\/p>\n<\/li>\n<li>\n<p><strong>Cuadros<\/strong> de mando: Navegue por su crecimiento con claridad a trav\u00e9s de nuestros cuadros de mando personalizados. Supervise los KPI vitales relacionados con la salud y el crecimiento, asegur\u00e1ndose de que dispone de los conocimientos y la informaci\u00f3n necesarios para tomar decisiones estrat\u00e9gicas con precisi\u00f3n y previsi\u00f3n.<\/p>\n<\/li>\n<\/ul>\n<p>En colaboraci\u00f3n con nosotros, su viaje hacia el cambio sist\u00e9mico se sustenta en un enfoque unificado que integra todos los aspectos de las necesidades de su organizaci\u00f3n. Juntos, liberaremos todo el potencial de su empresa, forjando un futuro que no s\u00f3lo sea sostenible y resistente, sino tambi\u00e9n vibrante con la promesa de infinitas posibilidades. Bienvenido a una nueva era de consultor\u00eda, en la que su visi\u00f3n y nuestra experiencia convergen para crear un legado de impacto duradero.<\/p>\n\t\t\t\t\t\t\t\t<\/div>\n\t\t\t\t<\/div>\n\t\t\t\t<div class=\"elementor-element elementor-element-37bc2f5 elementor-widget elementor-widget-heading\" data-id=\"37bc2f5\" data-element_type=\"widget\" data-e-type=\"widget\" data-widget_type=\"heading.default\">\n\t\t\t\t<div class=\"elementor-widget-container\">\n\t\t\t\t\t<h2 class=\"elementor-heading-title elementor-size-default\">UN ENFOQUE UNIFICADO DEL CAMBIO SIST\u00c9MICO<\/h2>\t\t\t\t<\/div>\n\t\t\t\t<\/div>\n\t\t\t\t<div class=\"elementor-element elementor-element-e1fd7e7 elementor-widget elementor-widget-text-editor\" data-id=\"e1fd7e7\" data-element_type=\"widget\" data-e-type=\"widget\" data-widget_type=\"text-editor.default\">\n\t\t\t\t<div class=\"elementor-widget-container\">\n\t\t\t\t\t\t\t\t\t<p>Un asombroso 80% de las organizaciones no alcanzan sus ambiciosos objetivos de crecimiento de ingresos y rentabilidad. Pero, \u00bfqu\u00e9 hay detr\u00e1s de este d\u00e9ficit generalizado? La investigaci\u00f3n de McKinsey apunta a un dato revelador: la probabilidad de \u00e9xito de la transformaci\u00f3n se desploma a s\u00f3lo el 10% sin una estrategia global y unificada. En el coraz\u00f3n de muchos de estos fracasos se encuentra un culpable cr\u00edtico que a menudo se pasa por alto: el d\u00e9ficit de colaboraci\u00f3n interfuncional.<\/p>\n<p>En \u00e9pocas de disminuci\u00f3n de los beneficios o estancamiento de los ingresos, las reacciones instintivas suelen consistir en aplicar soluciones r\u00e1pidas: recortar costes, despedir a los trabajadores de bajo rendimiento, aumentar los incentivos de ventas, cambiar los grupos demogr\u00e1ficos objetivo, retocar las caracter\u00edsticas de los productos, revisar las estrategias de marketing o precipitarse hacia la transformaci\u00f3n digital. Pero, \u00bfy si estas soluciones superficiales pasan por alto un problema m\u00e1s profundo y sist\u00e9mico?<\/p>\n<p>Considere el panorama organizativo, segmentado en silos, cada uno con su propia cultura, lenguaje y conjunto de normas. Estas divisiones fomentan un entorno en el que los departamentos se ven entre s\u00ed m\u00e1s como rivales que como aliados, erigiendo barreras y obstruyendo el intercambio fluido de ideas e informaci\u00f3n.<\/p>\n<p>Reflexione sobre esta simple pero reveladora observaci\u00f3n: \u00bfcon qu\u00e9 frecuencia vemos a miembros de equipos de diferentes departamentos compartiendo una comida? Este acto aparentemente trivial es una prueba de fuego para la cultura de colaboraci\u00f3n m\u00e1s amplia de una organizaci\u00f3n. Si los individuos de diversas \u00e1reas dudan en compartir una mesa, \u00bfqu\u00e9 probabilidades hay de que intercambien libremente conocimientos y puntos de vista?<\/p>\n<p>Por lo tanto, antes de lanzarse a la siguiente aventura prometedora o soluci\u00f3n r\u00e1pida, es crucial abordar y reparar estas grietas fundacionales. Tender puentes entre silos, fomentar el di\u00e1logo abierto y promover una cultura de colaboraci\u00f3n horizontal no son s\u00f3lo pasos beneficiosos sino esenciales para liberar todo el potencial de su organizaci\u00f3n.&nbsp;<\/p><p>Al hacerlo, no s\u00f3lo mejorar\u00e1 la eficacia operativa, sino que tambi\u00e9n crear\u00e1 un terreno f\u00e9rtil para la innovaci\u00f3n, la resistencia y el crecimiento sostenido. Pasemos de centrarnos simplemente en arreglar lo inmediato a curar lo fundamental, garantizando que nuestras organizaciones est\u00e9n preparadas para el \u00e9xito en un mundo interconectado y colaborativo.<\/p>\t\t\t\t\t\t\t\t<\/div>\n\t\t\t\t<\/div>\n\t\t\t\t\t<\/div>\n\t\t\t\t<\/div>\n\t\t\t\t<\/div>\n\t\t","protected":false},"excerpt":{"rendered":"<p>Emb\u00e1rquese en un viaje transformador con nosotros, en el que cada reto se afronta con una soluci\u00f3n integrada y hol\u00edstica dise\u00f1ada para impulsar a su organizaci\u00f3n hacia un crecimiento y una resistencia sin precedentes. En el coraz\u00f3n de nuestra consultor\u00eda se encuentra el compromiso con el cambio sist\u00e9mico, no s\u00f3lo para navegar por las complejidades [&hellip;]<\/p>\n","protected":false},"author":1,"featured_media":0,"parent":0,"menu_order":0,"comment_status":"closed","ping_status":"closed","template":"","meta":{"content-type":"","footnotes":""},"class_list":["post-10533","page","type-page","status-publish","hentry"],"_links":{"self":[{"href":"https:\/\/cross-silo.com\/es\/wp-json\/wp\/v2\/pages\/10533","targetHints":{"allow":["GET"]}}],"collection":[{"href":"https:\/\/cross-silo.com\/es\/wp-json\/wp\/v2\/pages"}],"about":[{"href":"https:\/\/cross-silo.com\/es\/wp-json\/wp\/v2\/types\/page"}],"author":[{"embeddable":true,"href":"https:\/\/cross-silo.com\/es\/wp-json\/wp\/v2\/users\/1"}],"replies":[{"embeddable":true,"href":"https:\/\/cross-silo.com\/es\/wp-json\/wp\/v2\/comments?post=10533"}],"version-history":[{"count":0,"href":"https:\/\/cross-silo.com\/es\/wp-json\/wp\/v2\/pages\/10533\/revisions"}],"wp:attachment":[{"href":"https:\/\/cross-silo.com\/es\/wp-json\/wp\/v2\/media?parent=10533"}],"curies":[{"name":"wp","href":"https:\/\/api.w.org\/{rel}","templated":true}]}}