{"id":10530,"date":"2019-04-01T07:48:10","date_gmt":"2019-04-01T07:48:10","guid":{"rendered":"https:\/\/cross-silo.com\/sobre-nosotros\/"},"modified":"2024-03-16T16:26:16","modified_gmt":"2024-03-16T16:26:16","slug":"sobre-nosotros","status":"publish","type":"page","link":"https:\/\/cross-silo.com\/es\/sobre-nosotros\/","title":{"rendered":"Sobre nosotros"},"content":{"rendered":"\t\t<div data-elementor-type=\"wp-post\" data-elementor-id=\"10530\" class=\"elementor elementor-10530 elementor-1485\" data-elementor-post-type=\"page\">\n\t\t\t\t<div class=\"elementor-element elementor-element-e57324b e-flex e-con-boxed e-con e-parent\" data-id=\"e57324b\" data-element_type=\"container\" data-e-type=\"container\">\n\t\t\t\t\t<div class=\"e-con-inner\">\n\t\t<div class=\"elementor-element elementor-element-7bc2da8 e-con-full e-flex e-con e-child\" data-id=\"7bc2da8\" data-element_type=\"container\" data-e-type=\"container\">\n\t\t\t\t<div class=\"elementor-element elementor-element-706d41e elementor-widget elementor-widget-heading\" data-id=\"706d41e\" data-element_type=\"widget\" data-e-type=\"widget\" data-widget_type=\"heading.default\">\n\t\t\t\t<div class=\"elementor-widget-container\">\n\t\t\t\t\t<h3 class=\"elementor-heading-title elementor-size-default\">Nuestro viaje hacia la revoluci\u00f3n del crecimiento y la innovaci\u00f3n empresarial<\/h3>\t\t\t\t<\/div>\n\t\t\t\t<\/div>\n\t\t\t\t<div class=\"elementor-element elementor-element-f3b7e8c elementor-widget elementor-widget-text-editor\" data-id=\"f3b7e8c\" data-element_type=\"widget\" data-e-type=\"widget\" data-widget_type=\"text-editor.default\">\n\t\t\t\t<div class=\"elementor-widget-container\">\n\t\t\t\t\t\t\t\t\t<p>En el coraz\u00f3n de nuestra misi\u00f3n se encuentra el compromiso de fomentar una cultura de resiliencia, colaboraci\u00f3n y agilidad en las organizaciones. Imaginamos un futuro en el que las empresas prosperen sobre una base impulsada por la fuerza, implicando a cada miembro del equipo en una estructura autoorganizada y adaptable que abrace el cambio y abogue por la innovaci\u00f3n y la transformaci\u00f3n r\u00e1pida.<\/p>\n<p>La g\u00e9nesis de esta visi\u00f3n se remonta a 2016, cuando Edwin Korver, fundador de CROSS-SILO y creador de RoundMap\u00ae, se embarc\u00f3 en una b\u00fasqueda para desentra\u00f1ar el impacto de los medios sociales y digitales en el desarrollo de los clientes. Esta investigaci\u00f3n condujo a un ciclo de vida del cliente exhaustivo de 360 grados, que sent\u00f3 las bases para un viaje transformador hacia los modelos de negocio, la estrategia, la cultura y la transformaci\u00f3n de&nbsp;.<\/p>\n<p>La exploraci\u00f3n de Edwin se caracteriz\u00f3 por un enfoque hol\u00edstico, empezando desde la base en el \u00daltimo Nivel de la Verdad\u2122 -las operaciones de primera l\u00ednea. Este viaje de descubrimiento condujo a la creaci\u00f3n de la Business Model Matrix\u2122 y allan\u00f3 el camino para un marco completo que redefine la innovaci\u00f3n y el crecimiento empresarial.<\/p>\n<p>A trav\u00e9s de su investigaci\u00f3n, Edwin identific\u00f3 un desequilibrio cr\u00edtico en el panorama empresarial moderno: la abrumadora preferencia por la especializaci\u00f3n hab\u00eda fomentado inadvertidamente los silos funcionales, sofocando la propia agilidad y flexibilidad que las empresas necesitan para navegar al r\u00e1pido ritmo del cambio. Reconoci\u00f3 la importancia primordial de salvar esta brecha mediante el pensamiento y el cambio de todo el sistema, principios que ahora forman la piedra angular de nuestro programa de formaci\u00f3n avanzada, los Grandmasters of Business\u2122.<\/p>\n<p>Nuestro viaje se ha visto enriquecido por el apoyo inquebrantable y la perspicacia de un c\u00edrculo de aliados de confianza, entre ellos la esposa de Edwin, Stella, y los estimados colegas Henk Koopmans, Vincent van Beek, Patrick Petersen y Gerard van Vliet. Juntos, han contribuido al nacimiento de RoundMap\u00ae, un marco empresarial unificado que gu\u00eda a las empresas en el descubrimiento, dise\u00f1o, desarrollo y direcci\u00f3n de aventuras empresariales transformadoras.<\/p>\n<p>Esta narraci\u00f3n es m\u00e1s que una historia de innovaci\u00f3n; es un testimonio del poder de la visi\u00f3n colectiva y de la b\u00fasqueda incesante de la comprensi\u00f3n de la intrincada danza entre la transformaci\u00f3n digital y el compromiso del cliente. De cara al futuro, RoundMap\u00ae se erige como un faro para las empresas deseosas de navegar por las complejidades de los negocios modernos, armadas con las herramientas y los conocimientos necesarios para lograr un crecimiento sostenible y una innovaci\u00f3n sin precedentes.<\/p>\t\t\t\t\t\t\t\t<\/div>\n\t\t\t\t<\/div>\n\t\t\t\t<\/div>\n\t\t\t\t\t<\/div>\n\t\t\t\t<\/div>\n\t\t\t\t<\/div>\n\t\t","protected":false},"excerpt":{"rendered":"<p>Nuestro viaje hacia la revoluci\u00f3n del crecimiento y la innovaci\u00f3n empresarial En el coraz\u00f3n de nuestra misi\u00f3n se encuentra el compromiso de fomentar una cultura de resiliencia, colaboraci\u00f3n y agilidad en las organizaciones. Imaginamos un futuro en el que las empresas prosperen sobre una base impulsada por la fuerza, implicando a cada miembro del equipo [&hellip;]<\/p>\n","protected":false},"author":1,"featured_media":0,"parent":0,"menu_order":0,"comment_status":"closed","ping_status":"closed","template":"","meta":{"content-type":"","footnotes":""},"class_list":["post-10530","page","type-page","status-publish","hentry"],"_links":{"self":[{"href":"https:\/\/cross-silo.com\/es\/wp-json\/wp\/v2\/pages\/10530","targetHints":{"allow":["GET"]}}],"collection":[{"href":"https:\/\/cross-silo.com\/es\/wp-json\/wp\/v2\/pages"}],"about":[{"href":"https:\/\/cross-silo.com\/es\/wp-json\/wp\/v2\/types\/page"}],"author":[{"embeddable":true,"href":"https:\/\/cross-silo.com\/es\/wp-json\/wp\/v2\/users\/1"}],"replies":[{"embeddable":true,"href":"https:\/\/cross-silo.com\/es\/wp-json\/wp\/v2\/comments?post=10530"}],"version-history":[{"count":0,"href":"https:\/\/cross-silo.com\/es\/wp-json\/wp\/v2\/pages\/10530\/revisions"}],"wp:attachment":[{"href":"https:\/\/cross-silo.com\/es\/wp-json\/wp\/v2\/media?parent=10530"}],"curies":[{"name":"wp","href":"https:\/\/api.w.org\/{rel}","templated":true}]}}